{"id":576,"date":"2020-01-17T15:26:04","date_gmt":"2020-01-17T15:26:04","guid":{"rendered":"https:\/\/demo.themeisle.com\/neve-web-agency\/?page_id=28"},"modified":"2023-03-09T14:14:17","modified_gmt":"2023-03-09T12:14:17","slug":"meist","status":"publish","type":"page","link":"https:\/\/www.plasteral.eu\/en\/meist\/","title":{"rendered":"ABOUT US"},"content":{"rendered":"<div data-elementor-type=\"wp-page\" data-elementor-id=\"576\" class=\"elementor elementor-576\">\n\t\t\t\t\t\t<div class=\"elementor-inner\">\n\t\t\t\t<div class=\"elementor-section-wrap\">\n\t\t\t\t\t\t\t\t\t<section class=\"elementor-section elementor-top-section elementor-element elementor-element-d58ea62 elementor-section-boxed elementor-section-height-default elementor-section-height-default\" data-id=\"d58ea62\" data-element_type=\"section\">\n\t\t\t\t\t\t<div class=\"elementor-container elementor-column-gap-default\">\n\t\t\t\t\t\t\t<div class=\"elementor-row\">\n\t\t\t\t\t<div class=\"elementor-column elementor-col-50 elementor-top-column elementor-element elementor-element-978314f\" data-id=\"978314f\" data-element_type=\"column\">\n\t\t\t<div class=\"elementor-column-wrap elementor-element-populated\">\n\t\t\t\t\t\t\t<div class=\"elementor-widget-wrap\">\n\t\t\t\t\t\t<div class=\"elementor-element elementor-element-fe4411c elementor-widget elementor-widget-heading\" data-id=\"fe4411c\" data-element_type=\"widget\" data-widget_type=\"heading.default\">\n\t\t\t\t<div class=\"elementor-widget-container\">\n\t\t\t<h1 class=\"elementor-heading-title elementor-size-default\">Let's get to know each other<\/h1>\t\t<\/div>\n\t\t\t\t<\/div>\n\t\t\t\t<div class=\"elementor-element elementor-element-ec2be9f elementor-widget elementor-widget-text-editor\" data-id=\"ec2be9f\" data-element_type=\"widget\" data-widget_type=\"text-editor.default\">\n\t\t\t\t<div class=\"elementor-widget-container\">\n\t\t\t\t\t\t\t\t<div class=\"elementor-text-editor elementor-clearfix\">\n\t\t\t\t<p>We are a manufacturer, producer and seller of hot tubs in J\u00e4rvamaa.<\/p>\t\t\t\t\t<\/div>\n\t\t\t\t\t\t<\/div>\n\t\t\t\t<\/div>\n\t\t\t\t\t\t<\/div>\n\t\t\t\t\t<\/div>\n\t\t<\/div>\n\t\t\t\t<div class=\"elementor-column elementor-col-50 elementor-top-column elementor-element elementor-element-794c29e\" data-id=\"794c29e\" data-element_type=\"column\">\n\t\t\t<div class=\"elementor-column-wrap elementor-element-populated\">\n\t\t\t\t\t\t\t<div class=\"elementor-widget-wrap\">\n\t\t\t\t\t\t<div class=\"elementor-element elementor-element-09b319c elementor-view-default elementor-widget elementor-widget-icon\" data-id=\"09b319c\" data-element_type=\"widget\" data-widget_type=\"icon.default\">\n\t\t\t\t<div class=\"elementor-widget-container\">\n\t\t\t\t\t<div class=\"elementor-icon-wrapper\">\n\t\t\t<div class=\"elementor-icon\">\n\t\t\t<i aria-hidden=\"true\" class=\"far fa-smile\"><\/i>\t\t\t<\/div>\n\t\t<\/div>\n\t\t\t\t<\/div>\n\t\t\t\t<\/div>\n\t\t\t\t\t\t<\/div>\n\t\t\t\t\t<\/div>\n\t\t<\/div>\n\t\t\t\t\t\t\t\t<\/div>\n\t\t\t\t\t<\/div>\n\t\t<\/section>\n\t\t\t\t<section class=\"elementor-section elementor-top-section elementor-element elementor-element-4289a2a elementor-section-boxed elementor-section-height-default elementor-section-height-default elementor-invisible\" data-id=\"4289a2a\" data-element_type=\"section\" data-settings=\"{&quot;background_background&quot;:&quot;classic&quot;,&quot;animation&quot;:&quot;fadeInUp&quot;,&quot;shape_divider_top&quot;:&quot;mountains&quot;,&quot;animation_mobile&quot;:&quot;none&quot;}\">\n\t\t\t\t\t<div class=\"elementor-shape elementor-shape-top\" data-negative=\"false\">\n\t\t\t<svg xmlns=\"http:\/\/www.w3.org\/2000\/svg\" viewbox=\"0 0 1000 100\" preserveaspectratio=\"none\">\n\t<path class=\"elementor-shape-fill\" opacity=\"0.33\" d=\"M473,67.3c-203.9,88.3-263.1-34-320.3,0C66,119.1,0,59.7,0,59.7V0h1000v59.7 c0,0-62.1,26.1-94.9,29.3c-32.8,3.3-62.8-12.3-75.8-22.1C806,49.6,745.3,8.7,694.9,4.7S492.4,59,473,67.3z\"\/>\n\t<path class=\"elementor-shape-fill\" opacity=\"0.66\" d=\"M734,67.3c-45.5,0-77.2-23.2-129.1-39.1c-28.6-8.7-150.3-10.1-254,39.1 s-91.7-34.4-149.2,0C115.7,118.3,0,39.8,0,39.8V0h1000v36.5c0,0-28.2-18.5-92.1-18.5C810.2,18.1,775.7,67.3,734,67.3z\"\/>\n\t<path class=\"elementor-shape-fill\" d=\"M766.1,28.9c-200-57.5-266,65.5-395.1,19.5C242,1.8,242,5.4,184.8,20.6C128,35.8,132.3,44.9,89.9,52.5C28.6,63.7,0,0,0,0 h1000c0,0-9.9,40.9-83.6,48.1S829.6,47,766.1,28.9z\"\/>\n<\/svg>\t\t<\/div>\n\t\t\t\t\t<div class=\"elementor-container elementor-column-gap-default\">\n\t\t\t\t\t\t\t<div class=\"elementor-row\">\n\t\t\t\t\t<div class=\"elementor-column elementor-col-50 elementor-top-column elementor-element elementor-element-180b719\" data-id=\"180b719\" data-element_type=\"column\">\n\t\t\t<div class=\"elementor-column-wrap elementor-element-populated\">\n\t\t\t\t\t\t\t<div class=\"elementor-widget-wrap\">\n\t\t\t\t\t\t<div class=\"elementor-element elementor-element-9c76e5e elementor-widget elementor-widget-image\" data-id=\"9c76e5e\" data-element_type=\"widget\" data-widget_type=\"image.default\">\n\t\t\t\t<div class=\"elementor-widget-container\">\n\t\t\t\t\t\t\t\t<div class=\"elementor-image\">\n\t\t\t\t\t\t\t\t\t\t\t\t<img decoding=\"async\" width=\"800\" height=\"600\" src=\"https:\/\/www.plasteral.eu\/wp-content\/uploads\/2020\/04\/WP_002314-1024x768.jpg\" class=\"attachment-large size-large wp-image-1241\" alt=\"\" loading=\"lazy\" srcset=\"https:\/\/www.plasteral.eu\/wp-content\/uploads\/2020\/04\/WP_002314-1024x768.jpg 1024w, https:\/\/www.plasteral.eu\/wp-content\/uploads\/2020\/04\/WP_002314-300x225.jpg 300w, https:\/\/www.plasteral.eu\/wp-content\/uploads\/2020\/04\/WP_002314-768x576.jpg 768w, https:\/\/www.plasteral.eu\/wp-content\/uploads\/2020\/04\/WP_002314-1536x1152.jpg 1536w, https:\/\/www.plasteral.eu\/wp-content\/uploads\/2020\/04\/WP_002314-700x525.jpg 700w, https:\/\/www.plasteral.eu\/wp-content\/uploads\/2020\/04\/WP_002314.jpg 2000w\" sizes=\"(max-width: 800px) 100vw, 800px\" \/>\t\t\t\t\t\t\t\t\t\t\t\t\t\t<\/div>\n\t\t\t\t\t\t<\/div>\n\t\t\t\t<\/div>\n\t\t\t\t\t\t<\/div>\n\t\t\t\t\t<\/div>\n\t\t<\/div>\n\t\t\t\t<div class=\"elementor-column elementor-col-50 elementor-top-column elementor-element elementor-element-b10cbf9\" data-id=\"b10cbf9\" data-element_type=\"column\">\n\t\t\t<div class=\"elementor-column-wrap elementor-element-populated\">\n\t\t\t\t\t\t\t<div class=\"elementor-widget-wrap\">\n\t\t\t\t\t\t<div class=\"elementor-element elementor-element-291533d elementor-widget elementor-widget-heading\" data-id=\"291533d\" data-element_type=\"widget\" data-widget_type=\"heading.default\">\n\t\t\t\t<div class=\"elementor-widget-container\">\n\t\t\t<h2 class=\"elementor-heading-title elementor-size-default\">Our story<\/h2>\t\t<\/div>\n\t\t\t\t<\/div>\n\t\t\t\t<div class=\"elementor-element elementor-element-54cec5f elementor-widget elementor-widget-text-editor\" data-id=\"54cec5f\" data-element_type=\"widget\" data-widget_type=\"text-editor.default\">\n\t\t\t\t<div class=\"elementor-widget-container\">\n\t\t\t\t\t\t\t\t<div class=\"elementor-text-editor elementor-clearfix\">\n\t\t\t\t<p><strong>Easy-care plastic tables laid the foundation for a great product - recycled plastic in the exterior finish allows you to enjoy the hot tub for a very long time.<br \/><\/strong><\/p>\t\t\t\t\t<\/div>\n\t\t\t\t\t\t<\/div>\n\t\t\t\t<\/div>\n\t\t\t\t<div class=\"elementor-element elementor-element-5e04df4 elementor-widget elementor-widget-text-editor\" data-id=\"5e04df4\" data-element_type=\"widget\" data-widget_type=\"text-editor.default\">\n\t\t\t\t<div class=\"elementor-widget-container\">\n\t\t\t\t\t\t\t\t<div class=\"elementor-text-editor elementor-clearfix\">\n\t\t\t\t<div>\n<div>\n<div>We manufacture hot tubs with an integrated oven, the interior of which is made of easy-care fiberglass and recyclable plastic in external finishing, so to speak, a green product. The hot tub is maintenance-free, for example, unlike many other wooden hot tub models, no side costs will be incurred in the future to maintain the side tables.<\/div><div><br><\/div><div>&nbsp;We also sell tanks, septic tanks and other fiberglass products.<\/div>\n<\/div>\n<\/div>\t\t\t\t\t<\/div>\n\t\t\t\t\t\t<\/div>\n\t\t\t\t<\/div>\n\t\t\t\t\t\t<\/div>\n\t\t\t\t\t<\/div>\n\t\t<\/div>\n\t\t\t\t\t\t\t\t<\/div>\n\t\t\t\t\t<\/div>\n\t\t<\/section>\n\t\t\t\t<section class=\"elementor-section elementor-top-section elementor-element elementor-element-076a6e8 elementor-section-boxed elementor-section-height-default elementor-section-height-default\" data-id=\"076a6e8\" data-element_type=\"section\" data-settings=\"{&quot;background_background&quot;:&quot;classic&quot;,&quot;shape_divider_bottom&quot;:&quot;mountains&quot;,&quot;animation_mobile&quot;:&quot;none&quot;}\">\n\t\t\t\t\t<div class=\"elementor-shape elementor-shape-bottom\" data-negative=\"false\">\n\t\t\t<svg xmlns=\"http:\/\/www.w3.org\/2000\/svg\" viewbox=\"0 0 1000 100\" preserveaspectratio=\"none\">\n\t<path class=\"elementor-shape-fill\" opacity=\"0.33\" d=\"M473,67.3c-203.9,88.3-263.1-34-320.3,0C66,119.1,0,59.7,0,59.7V0h1000v59.7 c0,0-62.1,26.1-94.9,29.3c-32.8,3.3-62.8-12.3-75.8-22.1C806,49.6,745.3,8.7,694.9,4.7S492.4,59,473,67.3z\"\/>\n\t<path class=\"elementor-shape-fill\" opacity=\"0.66\" d=\"M734,67.3c-45.5,0-77.2-23.2-129.1-39.1c-28.6-8.7-150.3-10.1-254,39.1 s-91.7-34.4-149.2,0C115.7,118.3,0,39.8,0,39.8V0h1000v36.5c0,0-28.2-18.5-92.1-18.5C810.2,18.1,775.7,67.3,734,67.3z\"\/>\n\t<path class=\"elementor-shape-fill\" d=\"M766.1,28.9c-200-57.5-266,65.5-395.1,19.5C242,1.8,242,5.4,184.8,20.6C128,35.8,132.3,44.9,89.9,52.5C28.6,63.7,0,0,0,0 h1000c0,0-9.9,40.9-83.6,48.1S829.6,47,766.1,28.9z\"\/>\n<\/svg>\t\t<\/div>\n\t\t\t\t\t<div class=\"elementor-container elementor-column-gap-default\">\n\t\t\t\t\t\t\t<div class=\"elementor-row\">\n\t\t\t\t\t<div class=\"elementor-column elementor-col-50 elementor-top-column elementor-element elementor-element-d5f54ef\" data-id=\"d5f54ef\" data-element_type=\"column\">\n\t\t\t<div class=\"elementor-column-wrap elementor-element-populated\">\n\t\t\t\t\t\t\t<div class=\"elementor-widget-wrap\">\n\t\t\t\t\t\t<div class=\"elementor-element elementor-element-b363fe0 elementor-widget elementor-widget-heading\" data-id=\"b363fe0\" data-element_type=\"widget\" data-widget_type=\"heading.default\">\n\t\t\t\t<div class=\"elementor-widget-container\">\n\t\t\t<h2 class=\"elementor-heading-title elementor-size-default\">Sale at fairs and exhibitions<\/h2>\t\t<\/div>\n\t\t\t\t<\/div>\n\t\t\t\t<div class=\"elementor-element elementor-element-641fd39 elementor-widget elementor-widget-text-editor\" data-id=\"641fd39\" data-element_type=\"widget\" data-widget_type=\"text-editor.default\">\n\t\t\t\t<div class=\"elementor-widget-container\">\n\t\t\t\t\t\t\t\t<div class=\"elementor-text-editor elementor-clearfix\">\n\t\t\t\t<p><strong>We are not left out of fairs or trade fairs. That's where you get the best overview of our products.<\/strong><\/p>\t\t\t\t\t<\/div>\n\t\t\t\t\t\t<\/div>\n\t\t\t\t<\/div>\n\t\t\t\t<div class=\"elementor-element elementor-element-08a8e32 elementor-widget elementor-widget-text-editor\" data-id=\"08a8e32\" data-element_type=\"widget\" data-widget_type=\"text-editor.default\">\n\t\t\t\t<div class=\"elementor-widget-container\">\n\t\t\t\t\t\t\t\t<div class=\"elementor-text-editor elementor-clearfix\">\n\t\t\t\t<p>Going to fairs gives you the best overview of the hot tub. We have even heated the hot tub and let people rest and relax there. Believe me, it became a highlight for people who dared to try.<\/p>\t\t\t\t\t<\/div>\n\t\t\t\t\t\t<\/div>\n\t\t\t\t<\/div>\n\t\t\t\t\t\t<\/div>\n\t\t\t\t\t<\/div>\n\t\t<\/div>\n\t\t\t\t<div class=\"elementor-column elementor-col-50 elementor-top-column elementor-element elementor-element-c069b1a\" data-id=\"c069b1a\" data-element_type=\"column\">\n\t\t\t<div class=\"elementor-column-wrap elementor-element-populated\">\n\t\t\t\t\t\t\t<div class=\"elementor-widget-wrap\">\n\t\t\t\t\t\t<div class=\"elementor-element elementor-element-1011b7e elementor-widget elementor-widget-image\" data-id=\"1011b7e\" data-element_type=\"widget\" data-widget_type=\"image.default\">\n\t\t\t\t<div class=\"elementor-widget-container\">\n\t\t\t\t\t\t\t\t<div class=\"elementor-image\">\n\t\t\t\t\t\t\t\t\t\t\t\t<img decoding=\"async\" width=\"800\" height=\"600\" src=\"https:\/\/www.plasteral.eu\/wp-content\/uploads\/2020\/03\/WP_003900-1024x768.jpg\" class=\"attachment-large size-large wp-image-1156\" alt=\"\" loading=\"lazy\" srcset=\"https:\/\/www.plasteral.eu\/wp-content\/uploads\/2020\/03\/WP_003900-1024x768.jpg 1024w, https:\/\/www.plasteral.eu\/wp-content\/uploads\/2020\/03\/WP_003900-300x225.jpg 300w, https:\/\/www.plasteral.eu\/wp-content\/uploads\/2020\/03\/WP_003900-768x576.jpg 768w, https:\/\/www.plasteral.eu\/wp-content\/uploads\/2020\/03\/WP_003900-1536x1152.jpg 1536w, https:\/\/www.plasteral.eu\/wp-content\/uploads\/2020\/03\/WP_003900-2048x1536.jpg 2048w, https:\/\/www.plasteral.eu\/wp-content\/uploads\/2020\/03\/WP_003900-700x525.jpg 700w\" sizes=\"(max-width: 800px) 100vw, 800px\" \/>\t\t\t\t\t\t\t\t\t\t\t\t\t\t<\/div>\n\t\t\t\t\t\t<\/div>\n\t\t\t\t<\/div>\n\t\t\t\t\t\t<\/div>\n\t\t\t\t\t<\/div>\n\t\t<\/div>\n\t\t\t\t\t\t\t\t<\/div>\n\t\t\t\t\t<\/div>\n\t\t<\/section>\n\t\t\t\t<section class=\"elementor-section elementor-top-section elementor-element elementor-element-a048956 elementor-section-boxed elementor-section-height-default elementor-section-height-default elementor-invisible\" data-id=\"a048956\" data-element_type=\"section\" data-settings=\"{&quot;background_background&quot;:&quot;classic&quot;,&quot;animation&quot;:&quot;fadeInUp&quot;,&quot;animation_mobile&quot;:&quot;none&quot;}\">\n\t\t\t\t\t\t<div class=\"elementor-container elementor-column-gap-default\">\n\t\t\t\t\t\t\t<div class=\"elementor-row\">\n\t\t\t\t\t<div class=\"elementor-column elementor-col-100 elementor-top-column elementor-element elementor-element-4c87927\" data-id=\"4c87927\" data-element_type=\"column\" data-settings=\"{&quot;background_background&quot;:&quot;classic&quot;}\">\n\t\t\t<div class=\"elementor-column-wrap elementor-element-populated\">\n\t\t\t\t\t\t\t<div class=\"elementor-widget-wrap\">\n\t\t\t\t\t\t<div class=\"elementor-element elementor-element-f2e3773 elementor-widget elementor-widget-image\" data-id=\"f2e3773\" data-element_type=\"widget\" data-widget_type=\"image.default\">\n\t\t\t\t<div class=\"elementor-widget-container\">\n\t\t\t\t\t\t\t\t<div class=\"elementor-image\">\n\t\t\t\t\t\t\t\t\t\t\t\t<img decoding=\"async\" width=\"225\" height=\"300\" src=\"https:\/\/www.plasteral.eu\/wp-content\/uploads\/2020\/04\/IMG_1393-225x300.jpg\" class=\"attachment-medium size-medium wp-image-1238\" alt=\"\" loading=\"lazy\" srcset=\"https:\/\/www.plasteral.eu\/wp-content\/uploads\/2020\/04\/IMG_1393-225x300.jpg 225w, https:\/\/www.plasteral.eu\/wp-content\/uploads\/2020\/04\/IMG_1393-768x1024.jpg 768w, https:\/\/www.plasteral.eu\/wp-content\/uploads\/2020\/04\/IMG_1393-1152x1536.jpg 1152w, https:\/\/www.plasteral.eu\/wp-content\/uploads\/2020\/04\/IMG_1393-1536x2048.jpg 1536w, https:\/\/www.plasteral.eu\/wp-content\/uploads\/2020\/04\/IMG_1393-700x933.jpg 700w, https:\/\/www.plasteral.eu\/wp-content\/uploads\/2020\/04\/IMG_1393-scaled.jpg 1920w\" sizes=\"(max-width: 225px) 100vw, 225px\" \/>\t\t\t\t\t\t\t\t\t\t\t\t\t\t<\/div>\n\t\t\t\t\t\t<\/div>\n\t\t\t\t<\/div>\n\t\t\t\t<div class=\"elementor-element elementor-element-80889ce elementor-widget elementor-widget-heading\" data-id=\"80889ce\" data-element_type=\"widget\" data-widget_type=\"heading.default\">\n\t\t\t\t<div class=\"elementor-widget-container\">\n\t\t\t<h3 class=\"elementor-heading-title elementor-size-default\">Toomas Leif<\/h3>\t\t<\/div>\n\t\t\t\t<\/div>\n\t\t\t\t<div class=\"elementor-element elementor-element-0ea54b7 elementor-widget elementor-widget-heading\" data-id=\"0ea54b7\" data-element_type=\"widget\" data-widget_type=\"heading.default\">\n\t\t\t\t<div class=\"elementor-widget-container\">\n\t\t\t<p class=\"elementor-heading-title elementor-size-default\">Board member<\/p>\t\t<\/div>\n\t\t\t\t<\/div>\n\t\t\t\t\t\t<\/div>\n\t\t\t\t\t<\/div>\n\t\t<\/div>\n\t\t\t\t\t\t\t\t<\/div>\n\t\t\t\t\t<\/div>\n\t\t<\/section>\n\t\t\t\t\t\t\t\t\t<\/div>\n\t\t\t<\/div>\n\t\t\t\t\t<\/div>","protected":false},"excerpt":{"rendered":"<p>Saame tuttavaks Meie oleme k\u00fcmblust\u00fcnnide tootja, valmistaja ja m\u00fc\u00fcja J\u00e4rvamaalt Meie lugu Lihtsasti hooldatavad plastiklauad panid aluse suurep\u00e4rasele tootele &#8211; taaskasutatud plastik v\u00e4lisviimistluses v\u00f5imaldab k\u00fcmblust\u00fcnni nautida v\u00e4ga pikal perioodil. Valmistame integreeritud ahjuga k\u00fcmblust\u00fcnne, mille sisuks on kasutatud lihtsasti hooldatavat klaasplastikut ning v\u00e4lisviimistluses taaskasutatavat plastikut ehk nii\u00f6elda rohelist toodet. K\u00fcmblust\u00fcnn on hooldusvaba, n\u00e4iteks k\u00fcljelaudade hooldamiseks ei [&hellip;]<\/p>","protected":false},"author":3,"featured_media":0,"parent":0,"menu_order":0,"comment_status":"closed","ping_status":"closed","template":"elementor_header_footer","meta":{"ngg_post_thumbnail":0},"yoast_head":"<!-- This site is optimized with the Yoast SEO plugin v20.3 - https:\/\/yoast.com\/wordpress\/plugins\/seo\/ -->\n<title>MEIST - Plasteral O\u00dc<\/title>\n<meta name=\"robots\" content=\"index, follow, max-snippet:-1, max-image-preview:large, max-video-preview:-1\" \/>\n<link rel=\"canonical\" href=\"https:\/\/www.plasteral.eu\/en\/meist\/\" \/>\n<meta property=\"og:locale\" content=\"en_GB\" \/>\n<meta property=\"og:type\" content=\"article\" \/>\n<meta property=\"og:title\" content=\"MEIST - Plasteral O\u00dc\" \/>\n<meta property=\"og:description\" content=\"Saame tuttavaks Meie oleme k\u00fcmblust\u00fcnnide tootja, valmistaja ja m\u00fc\u00fcja J\u00e4rvamaalt Meie lugu Lihtsasti hooldatavad plastiklauad panid aluse suurep\u00e4rasele tootele &#8211; taaskasutatud plastik v\u00e4lisviimistluses v\u00f5imaldab k\u00fcmblust\u00fcnni nautida v\u00e4ga pikal perioodil. Valmistame integreeritud ahjuga k\u00fcmblust\u00fcnne, mille sisuks on kasutatud lihtsasti hooldatavat klaasplastikut ning v\u00e4lisviimistluses taaskasutatavat plastikut ehk nii\u00f6elda rohelist toodet. K\u00fcmblust\u00fcnn on hooldusvaba, n\u00e4iteks k\u00fcljelaudade hooldamiseks ei [&hellip;]\" \/>\n<meta property=\"og:url\" content=\"https:\/\/www.plasteral.eu\/en\/meist\/\" \/>\n<meta property=\"og:site_name\" content=\"Plasteral O\u00dc\" \/>\n<meta property=\"article:publisher\" content=\"https:\/\/www.facebook.com\/plasteral\/\" \/>\n<meta property=\"article:modified_time\" content=\"2023-03-09T12:14:17+00:00\" \/>\n<meta property=\"og:image\" content=\"https:\/\/www.plasteral.eu\/wp-content\/uploads\/2020\/04\/WP_002314-1024x768.jpg\" \/>\n<script type=\"application\/ld+json\" class=\"yoast-schema-graph\">{\"@context\":\"https:\/\/schema.org\",\"@graph\":[{\"@type\":\"WebPage\",\"@id\":\"https:\/\/www.plasteral.eu\/meist\/\",\"url\":\"https:\/\/www.plasteral.eu\/meist\/\",\"name\":\"MEIST - Plasteral O\u00dc\",\"isPartOf\":{\"@id\":\"https:\/\/www.plasteral.eu\/#website\"},\"datePublished\":\"2020-01-17T15:26:04+00:00\",\"dateModified\":\"2023-03-09T12:14:17+00:00\",\"breadcrumb\":{\"@id\":\"https:\/\/www.plasteral.eu\/meist\/#breadcrumb\"},\"inLanguage\":\"en-GB\",\"potentialAction\":[{\"@type\":\"ReadAction\",\"target\":[\"https:\/\/www.plasteral.eu\/meist\/\"]}]},{\"@type\":\"BreadcrumbList\",\"@id\":\"https:\/\/www.plasteral.eu\/meist\/#breadcrumb\",\"itemListElement\":[{\"@type\":\"ListItem\",\"position\":1,\"name\":\"Home\",\"item\":\"https:\/\/www.plasteral.eu\/\"},{\"@type\":\"ListItem\",\"position\":2,\"name\":\"MEIST\"}]},{\"@type\":\"WebSite\",\"@id\":\"https:\/\/www.plasteral.eu\/#website\",\"url\":\"https:\/\/www.plasteral.eu\/\",\"name\":\"Plasteral O\u00dc\",\"description\":\"K\u00fcmblust\u00fcnnide m\u00fc\u00fck ja rent\",\"publisher\":{\"@id\":\"https:\/\/www.plasteral.eu\/#organization\"},\"potentialAction\":[{\"@type\":\"SearchAction\",\"target\":{\"@type\":\"EntryPoint\",\"urlTemplate\":\"https:\/\/www.plasteral.eu\/?s={search_term_string}\"},\"query-input\":\"required name=search_term_string\"}],\"inLanguage\":\"en-GB\"},{\"@type\":\"Organization\",\"@id\":\"https:\/\/www.plasteral.eu\/#organization\",\"name\":\"Plasteral O\u00dc\",\"url\":\"https:\/\/www.plasteral.eu\/\",\"logo\":{\"@type\":\"ImageObject\",\"inLanguage\":\"en-GB\",\"@id\":\"https:\/\/www.plasteral.eu\/#\/schema\/logo\/image\/\",\"url\":\"https:\/\/www.plasteral.eu\/wp-content\/uploads\/2015\/05\/plasteral_logo22.png\",\"contentUrl\":\"https:\/\/www.plasteral.eu\/wp-content\/uploads\/2015\/05\/plasteral_logo22.png\",\"width\":120,\"height\":85,\"caption\":\"Plasteral O\u00dc\"},\"image\":{\"@id\":\"https:\/\/www.plasteral.eu\/#\/schema\/logo\/image\/\"},\"sameAs\":[\"https:\/\/www.facebook.com\/plasteral\/\"]}]}<\/script>\n<!-- \/ Yoast SEO plugin. -->","yoast_head_json":{"title":"MEIST - Plasteral O\u00dc","robots":{"index":"index","follow":"follow","max-snippet":"max-snippet:-1","max-image-preview":"max-image-preview:large","max-video-preview":"max-video-preview:-1"},"canonical":"https:\/\/www.plasteral.eu\/en\/meist\/","og_locale":"en_GB","og_type":"article","og_title":"MEIST - Plasteral O\u00dc","og_description":"Saame tuttavaks Meie oleme k\u00fcmblust\u00fcnnide tootja, valmistaja ja m\u00fc\u00fcja J\u00e4rvamaalt Meie lugu Lihtsasti hooldatavad plastiklauad panid aluse suurep\u00e4rasele tootele &#8211; taaskasutatud plastik v\u00e4lisviimistluses v\u00f5imaldab k\u00fcmblust\u00fcnni nautida v\u00e4ga pikal perioodil. Valmistame integreeritud ahjuga k\u00fcmblust\u00fcnne, mille sisuks on kasutatud lihtsasti hooldatavat klaasplastikut ning v\u00e4lisviimistluses taaskasutatavat plastikut ehk nii\u00f6elda rohelist toodet. K\u00fcmblust\u00fcnn on hooldusvaba, n\u00e4iteks k\u00fcljelaudade hooldamiseks ei [&hellip;]","og_url":"https:\/\/www.plasteral.eu\/en\/meist\/","og_site_name":"Plasteral O\u00dc","article_publisher":"https:\/\/www.facebook.com\/plasteral\/","article_modified_time":"2023-03-09T12:14:17+00:00","og_image":[{"url":"https:\/\/www.plasteral.eu\/wp-content\/uploads\/2020\/04\/WP_002314-1024x768.jpg"}],"schema":{"@context":"https:\/\/schema.org","@graph":[{"@type":"WebPage","@id":"https:\/\/www.plasteral.eu\/meist\/","url":"https:\/\/www.plasteral.eu\/meist\/","name":"MEIST - Plasteral O\u00dc","isPartOf":{"@id":"https:\/\/www.plasteral.eu\/#website"},"datePublished":"2020-01-17T15:26:04+00:00","dateModified":"2023-03-09T12:14:17+00:00","breadcrumb":{"@id":"https:\/\/www.plasteral.eu\/meist\/#breadcrumb"},"inLanguage":"en-GB","potentialAction":[{"@type":"ReadAction","target":["https:\/\/www.plasteral.eu\/meist\/"]}]},{"@type":"BreadcrumbList","@id":"https:\/\/www.plasteral.eu\/meist\/#breadcrumb","itemListElement":[{"@type":"ListItem","position":1,"name":"Home","item":"https:\/\/www.plasteral.eu\/"},{"@type":"ListItem","position":2,"name":"MEIST"}]},{"@type":"WebSite","@id":"https:\/\/www.plasteral.eu\/#website","url":"https:\/\/www.plasteral.eu\/","name":"Plasteral O\u00dc","description":"K\u00fcmblust\u00fcnnide m\u00fc\u00fck ja rent","publisher":{"@id":"https:\/\/www.plasteral.eu\/#organization"},"potentialAction":[{"@type":"SearchAction","target":{"@type":"EntryPoint","urlTemplate":"https:\/\/www.plasteral.eu\/?s={search_term_string}"},"query-input":"required name=search_term_string"}],"inLanguage":"en-GB"},{"@type":"Organization","@id":"https:\/\/www.plasteral.eu\/#organization","name":"Plasteral O\u00dc","url":"https:\/\/www.plasteral.eu\/","logo":{"@type":"ImageObject","inLanguage":"en-GB","@id":"https:\/\/www.plasteral.eu\/#\/schema\/logo\/image\/","url":"https:\/\/www.plasteral.eu\/wp-content\/uploads\/2015\/05\/plasteral_logo22.png","contentUrl":"https:\/\/www.plasteral.eu\/wp-content\/uploads\/2015\/05\/plasteral_logo22.png","width":120,"height":85,"caption":"Plasteral O\u00dc"},"image":{"@id":"https:\/\/www.plasteral.eu\/#\/schema\/logo\/image\/"},"sameAs":["https:\/\/www.facebook.com\/plasteral\/"]}]}},"_links":{"self":[{"href":"https:\/\/www.plasteral.eu\/en\/wp-json\/wp\/v2\/pages\/576"}],"collection":[{"href":"https:\/\/www.plasteral.eu\/en\/wp-json\/wp\/v2\/pages"}],"about":[{"href":"https:\/\/www.plasteral.eu\/en\/wp-json\/wp\/v2\/types\/page"}],"author":[{"embeddable":true,"href":"https:\/\/www.plasteral.eu\/en\/wp-json\/wp\/v2\/users\/3"}],"replies":[{"embeddable":true,"href":"https:\/\/www.plasteral.eu\/en\/wp-json\/wp\/v2\/comments?post=576"}],"version-history":[{"count":26,"href":"https:\/\/www.plasteral.eu\/en\/wp-json\/wp\/v2\/pages\/576\/revisions"}],"predecessor-version":[{"id":2194,"href":"https:\/\/www.plasteral.eu\/en\/wp-json\/wp\/v2\/pages\/576\/revisions\/2194"}],"wp:attachment":[{"href":"https:\/\/www.plasteral.eu\/en\/wp-json\/wp\/v2\/media?parent=576"}],"curies":[{"name":"wp","href":"https:\/\/api.w.org\/{rel}","templated":true}]}}