{"id":926,"date":"2020-03-25T15:43:26","date_gmt":"2020-03-25T13:43:26","guid":{"rendered":"https:\/\/www.plasteral.eu\/?page_id=926"},"modified":"2020-07-14T20:53:00","modified_gmt":"2020-07-14T17:53:00","slug":"e-poe-kasutustingimused","status":"publish","type":"page","link":"https:\/\/www.plasteral.eu\/en\/e-poe-kasutustingimused\/","title":{"rendered":"E-poe kasutustingimused"},"content":{"rendered":"<p>K\u00f5ik E-poe kasutajad on alln\u00e4htuvate kasutustingimustega seotud.<\/p>\n<p>1. E-POE OLEMUS (WWW.PLASTERAL.EU\/TOOTED)<\/p>\n<p>1.1 E-pood on Plasteral O\u00dc (edaspidi: Ettev\u00f5te) poolt loodud ja hallatav internetipood, kus Ettev\u00f5te m\u00fc\u00fcb E-poe kasutajatele (edaspidi: Klient) tarbekaupu (edaspidi: Toode).<\/p>\n<p>2. \u00dcLDS\u00c4TTED<\/p>\n<p>2.1. Kasutustingimused kehtivad E-poest Toodete ostmisel ning reguleerivad \u00f5igussuhteid, mis tekivad Ettev\u00f5tte ja Klientide vahel.<\/p>\n<p>2.2. Tellimuse esitamisel n\u00f5ustub Klient Kasutustingimustes s\u00e4testatuga.<\/p>\n<p>2.3. Ettev\u00f5ttel on \u00f5igus \u00fchepoolselt Kasutustingimusi muuta ja t\u00e4iendada. Kasutustingimuste muudatustest teavitatakse Kliente e-posti teel.<\/p>\n<p>3. TOODE JA HIND<\/p>\n<p>3.1. E-poes kajastatud Toodete pildid on illustreerivad.<\/p>\n<p>3.2. Toodete hinnad E-poes on toodud eurodes.<\/p>\n<p>3.3. Transporditasu (juhul kui see lisandub) on eraldi v\u00e4lja toodud enne Tellimuse eest maksmist.<\/p>\n<p>3.4. Ettev\u00f5ttel on \u00f5igus muuta pakutavate Toodete hindu. Kliendile kehtivad hinnad, mis on E-poes avaldatud Tellimuse tegemise hetkel, v.a juhtudel, kui Toote vale hind avaldati tehnilise vea v\u00f5i rikke t\u00f5ttu v\u00f5i kui Klient pidi aru saama, et tegemist on veaga (ilmselgelt vale m\u00fc\u00fcgihind).<\/p>\n<p>3.5. Juhul kui komplekteerimisel tuleb Toode asendada (vastavalt Kasutustingimuste punktile 4.10) ning asendustoote hind on Kliendi tellitud Toote hinnast madalam, tagastab Ettev\u00f5te tellitud Toote ja asendustoote hinna vahe Kliendi pangakontole 14 t\u00f6\u00f6p\u00e4eva jooksul. Juhul, kui asendustoote hind on Kliendi tellitud Toote hinnast k\u00f5rgem, on Klient kohustatud vastavas osas juurdemakse tegema.<\/p>\n<p>4. TELLIMUSE ESITAMINE<\/p>\n<p>4.1. Ostu tegemiseks tuleb Kliendil E-poe keskkonnas esitada Tellimus.<\/p>\n<p>4.2. Klient saab E-poes Tellimusi esitada k\u00fclalisena.<\/p>\n<p>4.3. Tellimuse esitamiseks tuleb sobivad Tooted lisada ostukorvi ja vajutada nupule \u201eMine maksma\u201c.<\/p>\n<p>4.4. Lisaks tuleb Kliendil Tellimuse esitamisel sisestada kohaletoimetamise aadress ning valida sobilik tarneviis.<\/p>\n<p>4.5. Ettev\u00f5te ei vastuta Tellimuse t\u00e4itmisel Kliendi poolt esitatud ebakorrektsetest andmetest tekkiva kahju v\u00f5i mistahes muude tagaj\u00e4rgede eest.<\/p>\n<p>4.6. Klient tasub kogu Tellimuse eest Ettev\u00f5tte pakutavates maksekeskkondades. Klient kontrollib enne tasumist, et Tellimuses kajastatud Tooted, kogused ja hinnad vastavad tema tegelikule soovile.<\/p>\n<p>4.7. Tellimuse k\u00e4ttesaamise kohta saadab Ettev\u00f5te Kliendile automaatse e-kirja koos Tellimuse kinnitusega. Kui Tellimuse kinnituses on vigu (mittesoovitud kaubad, kogused vmt), on Klient kohustatud viivitamata \u00fchendust v\u00f5tma Ettev\u00f5ttega.<\/p>\n<p>4.8. Ettev\u00f5te alustab Tellimuse komplekteerimist, kui Klient on tasunud kogu Tellimuse eest.<\/p>\n<p>4.9. Juhul kui Ettev\u00f5te ei ole Tellimuse komplekteerimisel v\u00f5imalik kliendi tellitud Toodet soovitud koguses tarnida, on Ettev\u00f5ttel \u00f5igus Toode omal \u00e4ran\u00e4gemisel v\u00f5i Kliendiga telefonitsi konsulteerides asendada.<\/p>\n<p>4.10. Kui Ettev\u00f5ttel ei ole v\u00f5imalik Toodet asendada v\u00f5i kui Klient Tellimuse k\u00e4ttesaamisel asendust heaks ei kiida ja sellest loobub, tagastatakse puuduoleva Toote maksumus Kliendi pangakontole 14 t\u00f6\u00f6p\u00e4eva jooksul alates Tellimuses esitatud k\u00e4ttetoimetamise kuup\u00e4evast.<\/p>\n<p>4.11. Ettev\u00f5ttel on \u00f5igus Tellimuse t\u00e4itmisest loobuda, teavitades sellest Klienti e-posti teel koos loobumise p\u00f5hjusega. Juhul kui Ettev\u00f5te loobub Tellimuse t\u00e4itmisest, tagastatakse Tellimuse maksumus Kliendile 14 t\u00f6\u00f6p\u00e4eva jooksul alates Tellimuses esitatud k\u00e4ttetoimetamise kuup\u00e4evast.<\/p>\n<p>5. SUMMADE TAGASTAMINE<\/p>\n<p>5.1. Punktide 3.5 ja 4.11 &nbsp;alusel tagastatud summad laekuvad Kliendi m\u00e4\u00e4ratud panga kontole. K\u00f5ik summad, mille Ettev\u00f5te Kliendile tagastab, tasub v\u00f5i v\u00f5lgneb kantakse Kliendi panga kontole.<\/p>\n<p>6. MAKSEV\u00d5IMALUSED JA TAGASTUSED<\/p>\n<p>6.1. Tellimuse eest saab tasuda E-poe keskkonnas n\u00e4idatud viisidel. Tellimuse maksumusele v\u00f5ib lisanduda teenustasu vastavalt Kliendi ja panga- v\u00f5i krediitkaardi v\u00e4ljastaja vahel s\u00f5lmitud lepingule.<\/p>\n<p>6.2. \u00dclekanne arve alusel &#8211; klient saab ostu eest tasuda \u00fclekandega. Peale tellimuse kinnitamist kuvatakse kliendile tellimuse viitenumber, mis tuleb lisada panga\u00fclekande juurde.<\/p>\n<p>6.3. K\u00f5ik tagastused, mida Ettev\u00f5te teeb Kliendile, tehakse Kliendi m\u00e4\u00e4ratud arvelduskontole.<\/p>\n<p>7. TELLIMUSE K\u00c4TTETOIMETAMINE JA \u00dcLEANDMINE<\/p>\n<p>7.1. Tellimuse k\u00e4ttetoimetamine toimub vaid E-poes kirjeldatud&nbsp;viisidel.<\/p>\n<p>8.2. Kui tellitud Tooted saadetakse Kliendile pakiautomaadiga, siis tuleb Kliendil sisestada aadress, nimi ja telefoni number.<\/p>\n<p>8. LEPINGUST TAGANEMINE, TOODETE TAGASTAMINE<\/p>\n<p>8.1. Tarbijast Kliendil on \u00f5igus lepingust taganeda (Toodetest loobuda) 14 kalendrip\u00e4eva jooksul Toodete k\u00e4ttesaamisest alates, edastades selleks lepingust taganemise avalduse e-postiaadressil info@plasteral.eu. Avalduses m\u00e4rgib Klient arve numbri ja Toote nimetuse, millest soovib taganeda.<\/p>\n<p>8.2. Tagastatavad Tooted tuleb \u00fcle anda Ettev\u00f5tte kontoris v\u00f5i saates muu transpordiga. Toodete tagastamisega seotud kulud kannab Klient.<\/p>\n<p>8.3. Kliendil on \u00f5igus lepingust taganeda (Tooted tagastada) vaid juhul, kui Tooted on kasutamata, kahjustamata ja rikkumata ning originaalpakendis.<\/p>\n<p>8.4. Juhul kui Klient on tagastatavaid Tooteid kasutanud, rikkunud v\u00f5i kahjustanud, on Ettev\u00f5ttel \u00f5igus keelduda Toodete tagasiv\u00f5tmisest.<\/p>\n<p>8.5. Kui Klient on lepingust taganenud ning tagastatud Tooted on n\u00f5uetekohased, tagastab Ettev\u00f5te Kliendile Toodete maksumuse koos tagastatud Toodetelt arvestatud kohaletoimetamise tasuga 14 p\u00e4eva jooksul p\u00e4rast Toodete tagasiv\u00f5tmist.<\/p>\n<p>9. PRETENSIOONIDE ESITAMINE<\/p>\n<p>10.1. Toodete lepingutingimustele mittevastavuse korral on Kliendil \u00f5igus tugineda seaduses s\u00e4testatud \u00f5iguskaitsevahenditele.<\/p>\n<p>9.2. Ettev\u00f5te ei vastuta Toote lepingutingimustele mittevastavuse eest, mis on tekkinud Kliendi tegevusest ja\/v\u00f5i tegevusetusest, sh Toote mittesihip\u00e4rasest kasutamisest v\u00f5i mitten\u00f5uetekohasest s\u00e4ilitamisest (s\u00e4ilitamistingimuste j\u00e4rgimata j\u00e4tmine).<\/p>\n<p>9.3. Klient kohustub Ettev\u00f5tet teavitama Toote mittevastavusest hiljemalt 2 kuu jooksul selle avastamisest, st esitama pretensiooni.<\/p>\n<p>9.4. Pretensiooni saab esitada e-posti aadressile info@plasteral.eu. Pretensioonis tuleb m\u00e4rkida Kliendi nimi ja kontaktandmed, pretensiooni esitamise kuup\u00e4ev, Tootel ilmnenud puudus ja esitatava n\u00f5ude sisu ning lisada ostu t\u00f5endav dokument.<\/p>\n<p>9.5. Juhul kui Klient ei ole pretensiooni korral n\u00f5us Ettev\u00f5tte pakutava lahendusega, on Tarbijast Kliendil \u00f5igus p\u00f6\u00f6rduda Tarbijakaitseameti ja selle juurde moodustatud tarbijavaidluste komisjoni poole, mille p\u00e4devuses on lahendada tarbija ja kaupleja vahelisest lepingust tulenevaid tarbija algatatud tarbijavaidlusi, mida pooled ei ole suutnud lahendada kokkuleppe teel.<\/p>\n<p>10. VASTUTUS<\/p>\n<p>10.1. Ettev\u00f5te ja Klient vastutavad teineteise ees Kasutustingimuste rikkumisega teisele poolele tekitatud kahjude eest Eesti Vabariigis kehtivates \u00f5igusaktides s\u00e4testatud juhtudel ja ulatuses.<\/p>\n<p>10.2. Klient vastutab E-poe p\u00fcsikliendiks registreerimise vormil v\u00f5i Tellimuse vormistamisel esitatud andmete \u00f5igsuse eest. Kui Klient esitab puudulikud v\u00f5i ebakorrektsed andmed, ei vastuta Ettev\u00f5te sellest tingitud tagaj\u00e4rgede eest ning Ettev\u00f5ttel on \u00f5igus n\u00f5uda Kliendilt sellest tingitult tekkinud kahjude h\u00fcvitamist.<\/p>\n<p>10.3. Klient vastutab E-poe veebikeskkonda sisselogimiseks vajaliku salas\u00f5na turvalise kasutamise eest ja kohustub tagama, et tema salas\u00f5na ei satu kolmandate isikute (sh alaealiste perekonnaliikmete) valdusesse.<\/p>\n<p>10.4. Juhul kui Kliendil on kahtlus, et tema sisselogimisandmed on sattunud kolmanda isiku valdusesse, kohustub Klient sellest Ettev\u00f5tet teavitama ning otsekohe salas\u00f5na muutma.<\/p>\n<p>11. KLIENDI ISIKUANDMETE T\u00d6\u00d6TLEMINE<\/p>\n<p>11.1. Ettev\u00f5te t\u00f6\u00f6tleb Kliendi esitatud isikuandmeid koosk\u00f5las isikuandmete kaitse seaduses kehtestatud n\u00f5uetega.<\/p>\n<p>11.2. T\u00f6\u00f6deldavateks isikuandmeteks on andmed, mida k\u00fcsitakse Kliendilt konto registreerimisel ja\/v\u00f5i Tellimuse vormistamisel (ees- ja perekonnanimi, aadress, telefoninumber, e-posti aadress, arvelduskonto number, ostukorvi sisu).<\/p>\n<p>11.3. Ettev\u00f5te t\u00f6\u00f6tleb Kliendi isikuandmeid Tellimuste t\u00e4itmiseks (sh Tellimusega seotud teadete edastamiseks), Toodete eest tasumiseks, Toodete k\u00e4ttetoimetamiseks ning personaalsete pakkumiste koostamiseks.<\/p>\n<p>11.4. Kliendi isikuandmete vastutav t\u00f6\u00f6tleja on Plaster O\u00dc, registrikoodiga 12228599, aadressiga J\u00e4rvamaa, M\u00e4o Keskus 75721.<\/p>\n<p>11.5. Ettev\u00f5te ei edasta Kliendi isikuandmeid kolmandatele isikutele, v.a:<\/p>\n<p>11.5.1. kullerteenust pakkuvale ettev\u00f5tjale ulatuses, mis on vajalik Toodete Kliendile k\u00e4ttetoimetamiseks v\u00f5i teenuse tarbimiseks;<\/p>\n<p>11.5.2. Tellimuses sisalduvate Toodete tarnijatele (kliendi nimi,&nbsp;aadress&nbsp;ja telefoninumber) Tellimuse t\u00e4itmiseks ja klienditeeninduse tagamiseks.<\/p>\n<p>11.6. Punktides 11.5.1 ja 11.5.2 s\u00e4testatud juhtudel t\u00f6\u00f6deldakse Kliendi isikandmeid eranditult Tellimuse t\u00e4itmise otstarbel ning volitatud t\u00f6\u00f6tlejad tagavad sama isikuandmete kaitse taseme nagu Ettev\u00f5te.<\/p>\n<p>11.7. Kliendil on igal ajal \u00f5igus tutvuda oma isikuandmetega ning n\u00f5uda nende andmete parandamist v\u00f5i kustutamist, v.a kui seadus s\u00e4testab teisiti.<\/p>\n<p>11.7. Kui Klient on avaldanud soovi saada Ettev\u00f5tte uudiskirju ja\/v\u00f5i personaalseid pakkumisi, on Kliendil alati \u00f5igus nendest loobuda, saates vastavasisulise teavituse Ettev\u00f5tte e-posti aadressile info@plasteral.eu v\u00f5i vajutades iga pakkumise juures n\u00e4idatud vastavale lingile.<\/p>","protected":false},"excerpt":{"rendered":"<p>K\u00f5ik E-poe kasutajad on alln\u00e4htuvate kasutustingimustega seotud. 1. E-POE OLEMUS (WWW.PLASTERAL.EU\/TOOTED) 1.1 E-pood on Plasteral O\u00dc (edaspidi: Ettev\u00f5te) poolt loodud ja hallatav internetipood, kus Ettev\u00f5te m\u00fc\u00fcb E-poe kasutajatele (edaspidi: Klient) tarbekaupu (edaspidi: Toode). 2. \u00dcLDS\u00c4TTED 2.1. Kasutustingimused kehtivad E-poest Toodete ostmisel ning reguleerivad \u00f5igussuhteid, mis tekivad Ettev\u00f5tte ja Klientide vahel. 2.2. Tellimuse esitamisel n\u00f5ustub Klient [&hellip;]<\/p>","protected":false},"author":3,"featured_media":0,"parent":0,"menu_order":0,"comment_status":"closed","ping_status":"closed","template":"","meta":{"ngg_post_thumbnail":0},"yoast_head":"<!-- This site is optimized with the Yoast SEO plugin v20.3 - https:\/\/yoast.com\/wordpress\/plugins\/seo\/ -->\n<title>E-poe kasutustingimused - Plasteral O\u00dc<\/title>\n<meta name=\"robots\" content=\"index, follow, max-snippet:-1, max-image-preview:large, max-video-preview:-1\" \/>\n<link rel=\"canonical\" href=\"https:\/\/www.plasteral.eu\/en\/e-poe-kasutustingimused\/\" \/>\n<meta property=\"og:locale\" content=\"en_GB\" \/>\n<meta property=\"og:type\" content=\"article\" \/>\n<meta property=\"og:title\" content=\"E-poe kasutustingimused - Plasteral O\u00dc\" \/>\n<meta property=\"og:description\" content=\"K\u00f5ik E-poe kasutajad on alln\u00e4htuvate kasutustingimustega seotud. 1. E-POE OLEMUS (WWW.PLASTERAL.EU\/TOOTED) 1.1 E-pood on Plasteral O\u00dc (edaspidi: Ettev\u00f5te) poolt loodud ja hallatav internetipood, kus Ettev\u00f5te m\u00fc\u00fcb E-poe kasutajatele (edaspidi: Klient) tarbekaupu (edaspidi: Toode). 2. \u00dcLDS\u00c4TTED 2.1. Kasutustingimused kehtivad E-poest Toodete ostmisel ning reguleerivad \u00f5igussuhteid, mis tekivad Ettev\u00f5tte ja Klientide vahel. 2.2. Tellimuse esitamisel n\u00f5ustub Klient [&hellip;]\" \/>\n<meta property=\"og:url\" content=\"https:\/\/www.plasteral.eu\/en\/e-poe-kasutustingimused\/\" \/>\n<meta property=\"og:site_name\" content=\"Plasteral O\u00dc\" \/>\n<meta property=\"article:publisher\" content=\"https:\/\/www.facebook.com\/plasteral\/\" \/>\n<meta property=\"article:modified_time\" content=\"2020-07-14T17:53:00+00:00\" \/>\n<script type=\"application\/ld+json\" class=\"yoast-schema-graph\">{\"@context\":\"https:\/\/schema.org\",\"@graph\":[{\"@type\":\"WebPage\",\"@id\":\"https:\/\/www.plasteral.eu\/e-poe-kasutustingimused\/\",\"url\":\"https:\/\/www.plasteral.eu\/e-poe-kasutustingimused\/\",\"name\":\"E-poe kasutustingimused - Plasteral O\u00dc\",\"isPartOf\":{\"@id\":\"https:\/\/www.plasteral.eu\/#website\"},\"datePublished\":\"2020-03-25T13:43:26+00:00\",\"dateModified\":\"2020-07-14T17:53:00+00:00\",\"breadcrumb\":{\"@id\":\"https:\/\/www.plasteral.eu\/e-poe-kasutustingimused\/#breadcrumb\"},\"inLanguage\":\"en-GB\",\"potentialAction\":[{\"@type\":\"ReadAction\",\"target\":[\"https:\/\/www.plasteral.eu\/e-poe-kasutustingimused\/\"]}]},{\"@type\":\"BreadcrumbList\",\"@id\":\"https:\/\/www.plasteral.eu\/e-poe-kasutustingimused\/#breadcrumb\",\"itemListElement\":[{\"@type\":\"ListItem\",\"position\":1,\"name\":\"Home\",\"item\":\"https:\/\/www.plasteral.eu\/\"},{\"@type\":\"ListItem\",\"position\":2,\"name\":\"E-poe kasutustingimused\"}]},{\"@type\":\"WebSite\",\"@id\":\"https:\/\/www.plasteral.eu\/#website\",\"url\":\"https:\/\/www.plasteral.eu\/\",\"name\":\"Plasteral O\u00dc\",\"description\":\"K\u00fcmblust\u00fcnnide m\u00fc\u00fck ja rent\",\"publisher\":{\"@id\":\"https:\/\/www.plasteral.eu\/#organization\"},\"potentialAction\":[{\"@type\":\"SearchAction\",\"target\":{\"@type\":\"EntryPoint\",\"urlTemplate\":\"https:\/\/www.plasteral.eu\/?s={search_term_string}\"},\"query-input\":\"required name=search_term_string\"}],\"inLanguage\":\"en-GB\"},{\"@type\":\"Organization\",\"@id\":\"https:\/\/www.plasteral.eu\/#organization\",\"name\":\"Plasteral O\u00dc\",\"url\":\"https:\/\/www.plasteral.eu\/\",\"logo\":{\"@type\":\"ImageObject\",\"inLanguage\":\"en-GB\",\"@id\":\"https:\/\/www.plasteral.eu\/#\/schema\/logo\/image\/\",\"url\":\"https:\/\/www.plasteral.eu\/wp-content\/uploads\/2015\/05\/plasteral_logo22.png\",\"contentUrl\":\"https:\/\/www.plasteral.eu\/wp-content\/uploads\/2015\/05\/plasteral_logo22.png\",\"width\":120,\"height\":85,\"caption\":\"Plasteral O\u00dc\"},\"image\":{\"@id\":\"https:\/\/www.plasteral.eu\/#\/schema\/logo\/image\/\"},\"sameAs\":[\"https:\/\/www.facebook.com\/plasteral\/\"]}]}<\/script>\n<!-- \/ Yoast SEO plugin. -->","yoast_head_json":{"title":"E-poe kasutustingimused - Plasteral O\u00dc","robots":{"index":"index","follow":"follow","max-snippet":"max-snippet:-1","max-image-preview":"max-image-preview:large","max-video-preview":"max-video-preview:-1"},"canonical":"https:\/\/www.plasteral.eu\/en\/e-poe-kasutustingimused\/","og_locale":"en_GB","og_type":"article","og_title":"E-poe kasutustingimused - Plasteral O\u00dc","og_description":"K\u00f5ik E-poe kasutajad on alln\u00e4htuvate kasutustingimustega seotud. 1. E-POE OLEMUS (WWW.PLASTERAL.EU\/TOOTED) 1.1 E-pood on Plasteral O\u00dc (edaspidi: Ettev\u00f5te) poolt loodud ja hallatav internetipood, kus Ettev\u00f5te m\u00fc\u00fcb E-poe kasutajatele (edaspidi: Klient) tarbekaupu (edaspidi: Toode). 2. \u00dcLDS\u00c4TTED 2.1. Kasutustingimused kehtivad E-poest Toodete ostmisel ning reguleerivad \u00f5igussuhteid, mis tekivad Ettev\u00f5tte ja Klientide vahel. 2.2. Tellimuse esitamisel n\u00f5ustub Klient [&hellip;]","og_url":"https:\/\/www.plasteral.eu\/en\/e-poe-kasutustingimused\/","og_site_name":"Plasteral O\u00dc","article_publisher":"https:\/\/www.facebook.com\/plasteral\/","article_modified_time":"2020-07-14T17:53:00+00:00","schema":{"@context":"https:\/\/schema.org","@graph":[{"@type":"WebPage","@id":"https:\/\/www.plasteral.eu\/e-poe-kasutustingimused\/","url":"https:\/\/www.plasteral.eu\/e-poe-kasutustingimused\/","name":"E-poe kasutustingimused - Plasteral O\u00dc","isPartOf":{"@id":"https:\/\/www.plasteral.eu\/#website"},"datePublished":"2020-03-25T13:43:26+00:00","dateModified":"2020-07-14T17:53:00+00:00","breadcrumb":{"@id":"https:\/\/www.plasteral.eu\/e-poe-kasutustingimused\/#breadcrumb"},"inLanguage":"en-GB","potentialAction":[{"@type":"ReadAction","target":["https:\/\/www.plasteral.eu\/e-poe-kasutustingimused\/"]}]},{"@type":"BreadcrumbList","@id":"https:\/\/www.plasteral.eu\/e-poe-kasutustingimused\/#breadcrumb","itemListElement":[{"@type":"ListItem","position":1,"name":"Home","item":"https:\/\/www.plasteral.eu\/"},{"@type":"ListItem","position":2,"name":"E-poe kasutustingimused"}]},{"@type":"WebSite","@id":"https:\/\/www.plasteral.eu\/#website","url":"https:\/\/www.plasteral.eu\/","name":"Plasteral O\u00dc","description":"K\u00fcmblust\u00fcnnide m\u00fc\u00fck ja rent","publisher":{"@id":"https:\/\/www.plasteral.eu\/#organization"},"potentialAction":[{"@type":"SearchAction","target":{"@type":"EntryPoint","urlTemplate":"https:\/\/www.plasteral.eu\/?s={search_term_string}"},"query-input":"required name=search_term_string"}],"inLanguage":"en-GB"},{"@type":"Organization","@id":"https:\/\/www.plasteral.eu\/#organization","name":"Plasteral O\u00dc","url":"https:\/\/www.plasteral.eu\/","logo":{"@type":"ImageObject","inLanguage":"en-GB","@id":"https:\/\/www.plasteral.eu\/#\/schema\/logo\/image\/","url":"https:\/\/www.plasteral.eu\/wp-content\/uploads\/2015\/05\/plasteral_logo22.png","contentUrl":"https:\/\/www.plasteral.eu\/wp-content\/uploads\/2015\/05\/plasteral_logo22.png","width":120,"height":85,"caption":"Plasteral O\u00dc"},"image":{"@id":"https:\/\/www.plasteral.eu\/#\/schema\/logo\/image\/"},"sameAs":["https:\/\/www.facebook.com\/plasteral\/"]}]}},"_links":{"self":[{"href":"https:\/\/www.plasteral.eu\/en\/wp-json\/wp\/v2\/pages\/926"}],"collection":[{"href":"https:\/\/www.plasteral.eu\/en\/wp-json\/wp\/v2\/pages"}],"about":[{"href":"https:\/\/www.plasteral.eu\/en\/wp-json\/wp\/v2\/types\/page"}],"author":[{"embeddable":true,"href":"https:\/\/www.plasteral.eu\/en\/wp-json\/wp\/v2\/users\/3"}],"replies":[{"embeddable":true,"href":"https:\/\/www.plasteral.eu\/en\/wp-json\/wp\/v2\/comments?post=926"}],"version-history":[{"count":5,"href":"https:\/\/www.plasteral.eu\/en\/wp-json\/wp\/v2\/pages\/926\/revisions"}],"predecessor-version":[{"id":1750,"href":"https:\/\/www.plasteral.eu\/en\/wp-json\/wp\/v2\/pages\/926\/revisions\/1750"}],"wp:attachment":[{"href":"https:\/\/www.plasteral.eu\/en\/wp-json\/wp\/v2\/media?parent=926"}],"curies":[{"name":"wp","href":"https:\/\/api.w.org\/{rel}","templated":true}]}}