{"id":929,"date":"2020-03-25T15:45:24","date_gmt":"2020-03-25T13:45:24","guid":{"rendered":"https:\/\/www.plasteral.eu\/?page_id=929"},"modified":"2020-03-25T15:45:24","modified_gmt":"2020-03-25T13:45:24","slug":"e-poe-privaatsustingimused","status":"publish","type":"page","link":"https:\/\/www.plasteral.eu\/en\/e-poe-privaatsustingimused\/","title":{"rendered":"E-poe privaatsustingimused"},"content":{"rendered":"<p>11. KLIENDI ISIKUANDMETE T\u00d6\u00d6TLEMINE<\/p>\n<p>11.1. Ettev\u00f5te t\u00f6\u00f6tleb Kliendi esitatud isikuandmeid koosk\u00f5las isikuandmete kaitse seaduses kehtestatud n\u00f5uetega.<\/p>\n<p>11.2. T\u00f6\u00f6deldavateks isikuandmeteks on andmed, mida k\u00fcsitakse Kliendilt konto registreerimisel ja\/v\u00f5i Tellimuse vormistamisel (ees- ja perekonnanimi, aadress, telefoninumber, e-posti aadress, arvelduskonto number, ostukorvi sisu).<\/p>\n<p>11.3. Ettev\u00f5te t\u00f6\u00f6tleb Kliendi isikuandmeid Tellimuste t\u00e4itmiseks (sh Tellimusega seotud teadete edastamiseks), Toodete eest tasumiseks, Toodete k\u00e4ttetoimetamiseks ning personaalsete pakkumiste koostamiseks.<\/p>\n<p>11.4. Kliendi isikuandmete vastutav t\u00f6\u00f6tleja on Plaster O\u00dc, registrikoodiga 12228599, aadressiga J\u00e4rvamaa, M\u00e4o Keskus 75721.<\/p>\n<p>11.5. Ettev\u00f5te ei edasta Kliendi isikuandmeid kolmandatele isikutele, v.a:<\/p>\n<p>11.5.1. kullerteenust pakkuvale ettev\u00f5tjale ulatuses, mis on vajalik Toodete Kliendile k\u00e4ttetoimetamiseks v\u00f5i teenuse tarbimiseks;<\/p>\n<p>11.5.2. Tellimuses sisalduvate Toodete tarnijatele (kliendi nimi,\u00a0aadress\u00a0ja telefoninumber) Tellimuse t\u00e4itmiseks ja klienditeeninduse tagamiseks.<\/p>\n<p>11.6. Punktides 11.5.1 ja 11.5.2 s\u00e4testatud juhtudel t\u00f6\u00f6deldakse Kliendi isikandmeid eranditult Tellimuse t\u00e4itmise otstarbel ning volitatud t\u00f6\u00f6tlejad tagavad sama isikuandmete kaitse taseme nagu Ettev\u00f5te.<\/p>\n<p>11.7. Kliendil on igal ajal \u00f5igus tutvuda oma isikuandmetega ning n\u00f5uda nende andmete parandamist v\u00f5i kustutamist, v.a kui seadus s\u00e4testab teisiti.<\/p>\n<p>11.7. Kui Klient on avaldanud soovi saada Ettev\u00f5tte uudiskirju ja\/v\u00f5i personaalseid pakkumisi, on Kliendil alati \u00f5igus nendest loobuda, saates vastavasisulise teavituse Ettev\u00f5tte e-posti aadressile info@plasteral.eu v\u00f5i vajutades iga pakkumise juures n\u00e4idatud vastavale lingile.<\/p>","protected":false},"excerpt":{"rendered":"<p>11. KLIENDI ISIKUANDMETE T\u00d6\u00d6TLEMINE 11.1. Ettev\u00f5te t\u00f6\u00f6tleb Kliendi esitatud isikuandmeid koosk\u00f5las isikuandmete kaitse seaduses kehtestatud n\u00f5uetega. 11.2. T\u00f6\u00f6deldavateks isikuandmeteks on andmed, mida k\u00fcsitakse Kliendilt konto registreerimisel ja\/v\u00f5i Tellimuse vormistamisel (ees- ja perekonnanimi, aadress, telefoninumber, e-posti aadress, arvelduskonto number, ostukorvi sisu). 11.3. Ettev\u00f5te t\u00f6\u00f6tleb Kliendi isikuandmeid Tellimuste t\u00e4itmiseks (sh Tellimusega seotud teadete edastamiseks), Toodete eest tasumiseks, [&hellip;]<\/p>","protected":false},"author":3,"featured_media":0,"parent":0,"menu_order":0,"comment_status":"closed","ping_status":"closed","template":"","meta":{"ngg_post_thumbnail":0},"yoast_head":"<!-- This site is optimized with the Yoast SEO plugin v20.3 - https:\/\/yoast.com\/wordpress\/plugins\/seo\/ -->\n<title>E-poe privaatsustingimused - Plasteral O\u00dc<\/title>\n<meta name=\"robots\" content=\"index, follow, max-snippet:-1, max-image-preview:large, max-video-preview:-1\" \/>\n<link rel=\"canonical\" href=\"https:\/\/www.plasteral.eu\/en\/e-poe-privaatsustingimused\/\" \/>\n<meta property=\"og:locale\" content=\"en_GB\" \/>\n<meta property=\"og:type\" content=\"article\" \/>\n<meta property=\"og:title\" content=\"E-poe privaatsustingimused - Plasteral O\u00dc\" \/>\n<meta property=\"og:description\" content=\"11. KLIENDI ISIKUANDMETE T\u00d6\u00d6TLEMINE 11.1. Ettev\u00f5te t\u00f6\u00f6tleb Kliendi esitatud isikuandmeid koosk\u00f5las isikuandmete kaitse seaduses kehtestatud n\u00f5uetega. 11.2. T\u00f6\u00f6deldavateks isikuandmeteks on andmed, mida k\u00fcsitakse Kliendilt konto registreerimisel ja\/v\u00f5i Tellimuse vormistamisel (ees- ja perekonnanimi, aadress, telefoninumber, e-posti aadress, arvelduskonto number, ostukorvi sisu). 11.3. Ettev\u00f5te t\u00f6\u00f6tleb Kliendi isikuandmeid Tellimuste t\u00e4itmiseks (sh Tellimusega seotud teadete edastamiseks), Toodete eest tasumiseks, [&hellip;]\" \/>\n<meta property=\"og:url\" content=\"https:\/\/www.plasteral.eu\/en\/e-poe-privaatsustingimused\/\" \/>\n<meta property=\"og:site_name\" content=\"Plasteral O\u00dc\" \/>\n<meta property=\"article:publisher\" content=\"https:\/\/www.facebook.com\/plasteral\/\" \/>\n<script type=\"application\/ld+json\" class=\"yoast-schema-graph\">{\"@context\":\"https:\/\/schema.org\",\"@graph\":[{\"@type\":\"WebPage\",\"@id\":\"https:\/\/www.plasteral.eu\/e-poe-privaatsustingimused\/\",\"url\":\"https:\/\/www.plasteral.eu\/e-poe-privaatsustingimused\/\",\"name\":\"E-poe privaatsustingimused - Plasteral O\u00dc\",\"isPartOf\":{\"@id\":\"https:\/\/www.plasteral.eu\/#website\"},\"datePublished\":\"2020-03-25T13:45:24+00:00\",\"dateModified\":\"2020-03-25T13:45:24+00:00\",\"breadcrumb\":{\"@id\":\"https:\/\/www.plasteral.eu\/e-poe-privaatsustingimused\/#breadcrumb\"},\"inLanguage\":\"en-GB\",\"potentialAction\":[{\"@type\":\"ReadAction\",\"target\":[\"https:\/\/www.plasteral.eu\/e-poe-privaatsustingimused\/\"]}]},{\"@type\":\"BreadcrumbList\",\"@id\":\"https:\/\/www.plasteral.eu\/e-poe-privaatsustingimused\/#breadcrumb\",\"itemListElement\":[{\"@type\":\"ListItem\",\"position\":1,\"name\":\"Home\",\"item\":\"https:\/\/www.plasteral.eu\/\"},{\"@type\":\"ListItem\",\"position\":2,\"name\":\"E-poe privaatsustingimused\"}]},{\"@type\":\"WebSite\",\"@id\":\"https:\/\/www.plasteral.eu\/#website\",\"url\":\"https:\/\/www.plasteral.eu\/\",\"name\":\"Plasteral O\u00dc\",\"description\":\"K\u00fcmblust\u00fcnnide m\u00fc\u00fck ja rent\",\"publisher\":{\"@id\":\"https:\/\/www.plasteral.eu\/#organization\"},\"potentialAction\":[{\"@type\":\"SearchAction\",\"target\":{\"@type\":\"EntryPoint\",\"urlTemplate\":\"https:\/\/www.plasteral.eu\/?s={search_term_string}\"},\"query-input\":\"required name=search_term_string\"}],\"inLanguage\":\"en-GB\"},{\"@type\":\"Organization\",\"@id\":\"https:\/\/www.plasteral.eu\/#organization\",\"name\":\"Plasteral O\u00dc\",\"url\":\"https:\/\/www.plasteral.eu\/\",\"logo\":{\"@type\":\"ImageObject\",\"inLanguage\":\"en-GB\",\"@id\":\"https:\/\/www.plasteral.eu\/#\/schema\/logo\/image\/\",\"url\":\"https:\/\/www.plasteral.eu\/wp-content\/uploads\/2015\/05\/plasteral_logo22.png\",\"contentUrl\":\"https:\/\/www.plasteral.eu\/wp-content\/uploads\/2015\/05\/plasteral_logo22.png\",\"width\":120,\"height\":85,\"caption\":\"Plasteral O\u00dc\"},\"image\":{\"@id\":\"https:\/\/www.plasteral.eu\/#\/schema\/logo\/image\/\"},\"sameAs\":[\"https:\/\/www.facebook.com\/plasteral\/\"]}]}<\/script>\n<!-- \/ Yoast SEO plugin. -->","yoast_head_json":{"title":"E-poe privaatsustingimused - Plasteral O\u00dc","robots":{"index":"index","follow":"follow","max-snippet":"max-snippet:-1","max-image-preview":"max-image-preview:large","max-video-preview":"max-video-preview:-1"},"canonical":"https:\/\/www.plasteral.eu\/en\/e-poe-privaatsustingimused\/","og_locale":"en_GB","og_type":"article","og_title":"E-poe privaatsustingimused - Plasteral O\u00dc","og_description":"11. KLIENDI ISIKUANDMETE T\u00d6\u00d6TLEMINE 11.1. Ettev\u00f5te t\u00f6\u00f6tleb Kliendi esitatud isikuandmeid koosk\u00f5las isikuandmete kaitse seaduses kehtestatud n\u00f5uetega. 11.2. T\u00f6\u00f6deldavateks isikuandmeteks on andmed, mida k\u00fcsitakse Kliendilt konto registreerimisel ja\/v\u00f5i Tellimuse vormistamisel (ees- ja perekonnanimi, aadress, telefoninumber, e-posti aadress, arvelduskonto number, ostukorvi sisu). 11.3. Ettev\u00f5te t\u00f6\u00f6tleb Kliendi isikuandmeid Tellimuste t\u00e4itmiseks (sh Tellimusega seotud teadete edastamiseks), Toodete eest tasumiseks, [&hellip;]","og_url":"https:\/\/www.plasteral.eu\/en\/e-poe-privaatsustingimused\/","og_site_name":"Plasteral O\u00dc","article_publisher":"https:\/\/www.facebook.com\/plasteral\/","schema":{"@context":"https:\/\/schema.org","@graph":[{"@type":"WebPage","@id":"https:\/\/www.plasteral.eu\/e-poe-privaatsustingimused\/","url":"https:\/\/www.plasteral.eu\/e-poe-privaatsustingimused\/","name":"E-poe privaatsustingimused - Plasteral O\u00dc","isPartOf":{"@id":"https:\/\/www.plasteral.eu\/#website"},"datePublished":"2020-03-25T13:45:24+00:00","dateModified":"2020-03-25T13:45:24+00:00","breadcrumb":{"@id":"https:\/\/www.plasteral.eu\/e-poe-privaatsustingimused\/#breadcrumb"},"inLanguage":"en-GB","potentialAction":[{"@type":"ReadAction","target":["https:\/\/www.plasteral.eu\/e-poe-privaatsustingimused\/"]}]},{"@type":"BreadcrumbList","@id":"https:\/\/www.plasteral.eu\/e-poe-privaatsustingimused\/#breadcrumb","itemListElement":[{"@type":"ListItem","position":1,"name":"Home","item":"https:\/\/www.plasteral.eu\/"},{"@type":"ListItem","position":2,"name":"E-poe privaatsustingimused"}]},{"@type":"WebSite","@id":"https:\/\/www.plasteral.eu\/#website","url":"https:\/\/www.plasteral.eu\/","name":"Plasteral O\u00dc","description":"K\u00fcmblust\u00fcnnide m\u00fc\u00fck ja rent","publisher":{"@id":"https:\/\/www.plasteral.eu\/#organization"},"potentialAction":[{"@type":"SearchAction","target":{"@type":"EntryPoint","urlTemplate":"https:\/\/www.plasteral.eu\/?s={search_term_string}"},"query-input":"required name=search_term_string"}],"inLanguage":"en-GB"},{"@type":"Organization","@id":"https:\/\/www.plasteral.eu\/#organization","name":"Plasteral O\u00dc","url":"https:\/\/www.plasteral.eu\/","logo":{"@type":"ImageObject","inLanguage":"en-GB","@id":"https:\/\/www.plasteral.eu\/#\/schema\/logo\/image\/","url":"https:\/\/www.plasteral.eu\/wp-content\/uploads\/2015\/05\/plasteral_logo22.png","contentUrl":"https:\/\/www.plasteral.eu\/wp-content\/uploads\/2015\/05\/plasteral_logo22.png","width":120,"height":85,"caption":"Plasteral O\u00dc"},"image":{"@id":"https:\/\/www.plasteral.eu\/#\/schema\/logo\/image\/"},"sameAs":["https:\/\/www.facebook.com\/plasteral\/"]}]}},"_links":{"self":[{"href":"https:\/\/www.plasteral.eu\/en\/wp-json\/wp\/v2\/pages\/929"}],"collection":[{"href":"https:\/\/www.plasteral.eu\/en\/wp-json\/wp\/v2\/pages"}],"about":[{"href":"https:\/\/www.plasteral.eu\/en\/wp-json\/wp\/v2\/types\/page"}],"author":[{"embeddable":true,"href":"https:\/\/www.plasteral.eu\/en\/wp-json\/wp\/v2\/users\/3"}],"replies":[{"embeddable":true,"href":"https:\/\/www.plasteral.eu\/en\/wp-json\/wp\/v2\/comments?post=929"}],"version-history":[{"count":1,"href":"https:\/\/www.plasteral.eu\/en\/wp-json\/wp\/v2\/pages\/929\/revisions"}],"predecessor-version":[{"id":931,"href":"https:\/\/www.plasteral.eu\/en\/wp-json\/wp\/v2\/pages\/929\/revisions\/931"}],"wp:attachment":[{"href":"https:\/\/www.plasteral.eu\/en\/wp-json\/wp\/v2\/media?parent=929"}],"curies":[{"name":"wp","href":"https:\/\/api.w.org\/{rel}","templated":true}]}}