{"id":1147,"date":"2020-03-30T13:10:27","date_gmt":"2020-03-30T10:10:27","guid":{"rendered":"https:\/\/www.plasteral.eu\/?post_type=product&#038;p=1147"},"modified":"2024-03-16T12:08:26","modified_gmt":"2024-03-16T10:08:26","slug":"septikud","status":"publish","type":"product","link":"https:\/\/www.plasteral.eu\/en\/product\/septikud\/","title":{"rendered":"Septic tanks"},"content":{"rendered":"<h1><span style=\"font-size: 18pt;\">Septic tanks made of fiberglass<\/span><\/h1>\n<p>If you do not have a connection to a single sewer, a septic tank is the most efficient option. Septics, like containers, are also made of fiberglass. A septic tank is a container that is divided into three parts by two partitions. Sewage passes through all three chambers and settles the solid parts. The effluent is then directed to either a filter or suction field and from there to the gravel bed and the surrounding soil. When choosing the size of the septic tank, consider about 0.5 m3 per person. The main sizes for sale are 2 - 5 m3. The septic tank should be emptied at least once a year and then filled with clean water.<\/p>\n<p>The price of the product depends on the size!<\/p>","protected":false},"excerpt":{"rendered":"<p>Klaasplastist valmistatud septikud Kui teil puudub \u00fchendus \u00fchtse kanalisatsiooniga siis on septik k\u00f5ige t\u00f5husam variant. Septikud valmistatakse sarnaselt mahutitele samuti klaasplastist. Septik on mahuti mis on jagatud kahe vaheseina abil kolmeks osaks. Reovesi l\u00e4bib k\u00f5iki kolme kambrit ja setitades sellega tahkemad osad. Edasi juhitakse heitveed kas filter- v\u00f5i imbv\u00e4ljakule ja sealt edasi killustikukihti ja seda [&hellip;]<\/p>","protected":false},"featured_media":95,"template":"","meta":{"ngg_post_thumbnail":0},"product_cat":[57],"product_tag":[59],"yoast_head":"<!-- This site is optimized with the Yoast SEO plugin v20.3 - https:\/\/yoast.com\/wordpress\/plugins\/seo\/ -->\n<title>Klaasplastist valmistatud septikud 2-5m3 - Plasteral O\u00dc<\/title>\n<meta name=\"description\" content=\"Kui teil puudub \u00fchendus \u00fchtse kanalisatsiooniga siis on septik k\u00f5ige t\u00f5husam variant. Septikud valmistatakse sarnaselt mahutitele samuti klaasplastist...\" \/>\n<meta name=\"robots\" content=\"index, follow, max-snippet:-1, max-image-preview:large, max-video-preview:-1\" \/>\n<link rel=\"canonical\" href=\"https:\/\/www.plasteral.eu\/en\/product\/septikud\/\" \/>\n<meta property=\"og:locale\" content=\"en_GB\" \/>\n<meta property=\"og:type\" content=\"article\" \/>\n<meta property=\"og:title\" content=\"Klaasplastist valmistatud septikud 2-5m3 - Plasteral O\u00dc\" \/>\n<meta property=\"og:description\" content=\"Kui teil puudub \u00fchendus \u00fchtse kanalisatsiooniga siis on septik k\u00f5ige t\u00f5husam variant. Septikud valmistatakse sarnaselt mahutitele samuti klaasplastist...\" \/>\n<meta property=\"og:url\" content=\"https:\/\/www.plasteral.eu\/en\/product\/septikud\/\" \/>\n<meta property=\"og:site_name\" content=\"Plasteral O\u00dc\" \/>\n<meta property=\"article:publisher\" content=\"https:\/\/www.facebook.com\/plasteral\/\" \/>\n<meta property=\"article:modified_time\" content=\"2024-03-16T10:08:26+00:00\" \/>\n<meta property=\"og:image\" content=\"https:\/\/www.plasteral.eu\/wp-content\/uploads\/2015\/05\/septikud1.jpg\" \/>\n\t<meta property=\"og:image:width\" content=\"675\" \/>\n\t<meta property=\"og:image:height\" content=\"506\" \/>\n\t<meta property=\"og:image:type\" content=\"image\/jpeg\" \/>\n<script type=\"application\/ld+json\" class=\"yoast-schema-graph\">{\"@context\":\"https:\/\/schema.org\",\"@graph\":[{\"@type\":\"WebPage\",\"@id\":\"https:\/\/www.plasteral.eu\/toode\/septikud\/\",\"url\":\"https:\/\/www.plasteral.eu\/toode\/septikud\/\",\"name\":\"Klaasplastist valmistatud septikud 2-5m3 - Plasteral O\u00dc\",\"isPartOf\":{\"@id\":\"https:\/\/www.plasteral.eu\/#website\"},\"datePublished\":\"2020-03-30T10:10:27+00:00\",\"dateModified\":\"2024-03-16T10:08:26+00:00\",\"description\":\"Kui teil puudub \u00fchendus \u00fchtse kanalisatsiooniga siis on septik k\u00f5ige t\u00f5husam variant. Septikud valmistatakse sarnaselt mahutitele samuti klaasplastist...\",\"breadcrumb\":{\"@id\":\"https:\/\/www.plasteral.eu\/toode\/septikud\/#breadcrumb\"},\"inLanguage\":\"en-GB\",\"potentialAction\":[{\"@type\":\"ReadAction\",\"target\":[\"https:\/\/www.plasteral.eu\/toode\/septikud\/\"]}]},{\"@type\":\"BreadcrumbList\",\"@id\":\"https:\/\/www.plasteral.eu\/toode\/septikud\/#breadcrumb\",\"itemListElement\":[{\"@type\":\"ListItem\",\"position\":1,\"name\":\"Home\",\"item\":\"https:\/\/www.plasteral.eu\/\"},{\"@type\":\"ListItem\",\"position\":2,\"name\":\"TOOTED\",\"item\":\"https:\/\/www.plasteral.eu\/tooted\/\"},{\"@type\":\"ListItem\",\"position\":3,\"name\":\"Septikud\"}]},{\"@type\":\"WebSite\",\"@id\":\"https:\/\/www.plasteral.eu\/#website\",\"url\":\"https:\/\/www.plasteral.eu\/\",\"name\":\"Plasteral O\u00dc\",\"description\":\"K\u00fcmblust\u00fcnnide m\u00fc\u00fck ja rent\",\"publisher\":{\"@id\":\"https:\/\/www.plasteral.eu\/#organization\"},\"potentialAction\":[{\"@type\":\"SearchAction\",\"target\":{\"@type\":\"EntryPoint\",\"urlTemplate\":\"https:\/\/www.plasteral.eu\/?s={search_term_string}\"},\"query-input\":\"required name=search_term_string\"}],\"inLanguage\":\"en-GB\"},{\"@type\":\"Organization\",\"@id\":\"https:\/\/www.plasteral.eu\/#organization\",\"name\":\"Plasteral O\u00dc\",\"url\":\"https:\/\/www.plasteral.eu\/\",\"logo\":{\"@type\":\"ImageObject\",\"inLanguage\":\"en-GB\",\"@id\":\"https:\/\/www.plasteral.eu\/#\/schema\/logo\/image\/\",\"url\":\"https:\/\/www.plasteral.eu\/wp-content\/uploads\/2015\/05\/plasteral_logo22.png\",\"contentUrl\":\"https:\/\/www.plasteral.eu\/wp-content\/uploads\/2015\/05\/plasteral_logo22.png\",\"width\":120,\"height\":85,\"caption\":\"Plasteral O\u00dc\"},\"image\":{\"@id\":\"https:\/\/www.plasteral.eu\/#\/schema\/logo\/image\/\"},\"sameAs\":[\"https:\/\/www.facebook.com\/plasteral\/\"]}]}<\/script>\n<!-- \/ Yoast SEO plugin. -->","yoast_head_json":{"title":"Klaasplastist valmistatud septikud 2-5m3 - Plasteral O\u00dc","description":"Kui teil puudub \u00fchendus \u00fchtse kanalisatsiooniga siis on septik k\u00f5ige t\u00f5husam variant. Septikud valmistatakse sarnaselt mahutitele samuti klaasplastist...","robots":{"index":"index","follow":"follow","max-snippet":"max-snippet:-1","max-image-preview":"max-image-preview:large","max-video-preview":"max-video-preview:-1"},"canonical":"https:\/\/www.plasteral.eu\/en\/product\/septikud\/","og_locale":"en_GB","og_type":"article","og_title":"Klaasplastist valmistatud septikud 2-5m3 - Plasteral O\u00dc","og_description":"Kui teil puudub \u00fchendus \u00fchtse kanalisatsiooniga siis on septik k\u00f5ige t\u00f5husam variant. Septikud valmistatakse sarnaselt mahutitele samuti klaasplastist...","og_url":"https:\/\/www.plasteral.eu\/en\/product\/septikud\/","og_site_name":"Plasteral O\u00dc","article_publisher":"https:\/\/www.facebook.com\/plasteral\/","article_modified_time":"2024-03-16T10:08:26+00:00","og_image":[{"width":675,"height":506,"url":"https:\/\/www.plasteral.eu\/wp-content\/uploads\/2015\/05\/septikud1.jpg","type":"image\/jpeg"}],"schema":{"@context":"https:\/\/schema.org","@graph":[{"@type":"WebPage","@id":"https:\/\/www.plasteral.eu\/toode\/septikud\/","url":"https:\/\/www.plasteral.eu\/toode\/septikud\/","name":"Klaasplastist valmistatud septikud 2-5m3 - Plasteral O\u00dc","isPartOf":{"@id":"https:\/\/www.plasteral.eu\/#website"},"datePublished":"2020-03-30T10:10:27+00:00","dateModified":"2024-03-16T10:08:26+00:00","description":"Kui teil puudub \u00fchendus \u00fchtse kanalisatsiooniga siis on septik k\u00f5ige t\u00f5husam variant. Septikud valmistatakse sarnaselt mahutitele samuti klaasplastist...","breadcrumb":{"@id":"https:\/\/www.plasteral.eu\/toode\/septikud\/#breadcrumb"},"inLanguage":"en-GB","potentialAction":[{"@type":"ReadAction","target":["https:\/\/www.plasteral.eu\/toode\/septikud\/"]}]},{"@type":"BreadcrumbList","@id":"https:\/\/www.plasteral.eu\/toode\/septikud\/#breadcrumb","itemListElement":[{"@type":"ListItem","position":1,"name":"Home","item":"https:\/\/www.plasteral.eu\/"},{"@type":"ListItem","position":2,"name":"TOOTED","item":"https:\/\/www.plasteral.eu\/tooted\/"},{"@type":"ListItem","position":3,"name":"Septikud"}]},{"@type":"WebSite","@id":"https:\/\/www.plasteral.eu\/#website","url":"https:\/\/www.plasteral.eu\/","name":"Plasteral O\u00dc","description":"K\u00fcmblust\u00fcnnide m\u00fc\u00fck ja rent","publisher":{"@id":"https:\/\/www.plasteral.eu\/#organization"},"potentialAction":[{"@type":"SearchAction","target":{"@type":"EntryPoint","urlTemplate":"https:\/\/www.plasteral.eu\/?s={search_term_string}"},"query-input":"required name=search_term_string"}],"inLanguage":"en-GB"},{"@type":"Organization","@id":"https:\/\/www.plasteral.eu\/#organization","name":"Plasteral O\u00dc","url":"https:\/\/www.plasteral.eu\/","logo":{"@type":"ImageObject","inLanguage":"en-GB","@id":"https:\/\/www.plasteral.eu\/#\/schema\/logo\/image\/","url":"https:\/\/www.plasteral.eu\/wp-content\/uploads\/2015\/05\/plasteral_logo22.png","contentUrl":"https:\/\/www.plasteral.eu\/wp-content\/uploads\/2015\/05\/plasteral_logo22.png","width":120,"height":85,"caption":"Plasteral O\u00dc"},"image":{"@id":"https:\/\/www.plasteral.eu\/#\/schema\/logo\/image\/"},"sameAs":["https:\/\/www.facebook.com\/plasteral\/"]}]}},"_links":{"self":[{"href":"https:\/\/www.plasteral.eu\/en\/wp-json\/wp\/v2\/product\/1147"}],"collection":[{"href":"https:\/\/www.plasteral.eu\/en\/wp-json\/wp\/v2\/product"}],"about":[{"href":"https:\/\/www.plasteral.eu\/en\/wp-json\/wp\/v2\/types\/product"}],"wp:featuredmedia":[{"embeddable":true,"href":"https:\/\/www.plasteral.eu\/en\/wp-json\/wp\/v2\/media\/95"}],"wp:attachment":[{"href":"https:\/\/www.plasteral.eu\/en\/wp-json\/wp\/v2\/media?parent=1147"}],"wp:term":[{"taxonomy":"product_cat","embeddable":true,"href":"https:\/\/www.plasteral.eu\/en\/wp-json\/wp\/v2\/product_cat?post=1147"},{"taxonomy":"product_tag","embeddable":true,"href":"https:\/\/www.plasteral.eu\/en\/wp-json\/wp\/v2\/product_tag?post=1147"}],"curies":[{"name":"wp","href":"https:\/\/api.w.org\/{rel}","templated":true}]}}